{"id":7,"date":"2020-05-12T18:29:30","date_gmt":"2020-05-12T18:29:30","guid":{"rendered":"http:\/\/der-erste-wein.de\/?page_id=7"},"modified":"2020-06-09T19:12:07","modified_gmt":"2020-06-09T19:12:07","slug":"7-2","status":"publish","type":"page","link":"https:\/\/der-erste-wein.de\/","title":{"rendered":""},"content":{"rendered":"\n<div class=\"wp-block-image\"><figure class=\"aligncenter size-large\"><img decoding=\"async\" loading=\"lazy\" width=\"863\" height=\"750\" src=\"http:\/\/der-erste-wein.de\/wp-content\/uploads\/2020\/05\/Kopf.png\" alt=\"\" class=\"wp-image-8\" srcset=\"https:\/\/der-erste-wein.de\/wp-content\/uploads\/2020\/05\/Kopf.png 863w, https:\/\/der-erste-wein.de\/wp-content\/uploads\/2020\/05\/Kopf-300x261.png 300w, https:\/\/der-erste-wein.de\/wp-content\/uploads\/2020\/05\/Kopf-768x667.png 768w\" sizes=\"(max-width: 767px) 89vw, (max-width: 1000px) 54vw, (max-width: 1071px) 543px, 580px\" \/><\/figure><\/div>\n\n\n\n<div class=\"is-layout-flow wp-block-group\"><div class=\"wp-block-group__inner-container\">\n<div class=\"is-layout-flow wp-block-group\"><div class=\"wp-block-group__inner-container\">\n<h2 class=\"has-very-dark-gray-color has-text-color has-text-align-center\"><strong>\u201cDer Erste\u201c<\/strong><\/h2>\n\n\n\n<p class=\"has-text-align-center\"><strong>Von der Rebe in den Weinkeller<\/strong><\/p>\n<\/div><\/div>\n<\/div><\/div>\n\n\n\n<p>Am 28.09.2018 &#8211; der perfekte Tag, um einen guten Wein zu ernten &#8211; sind wir im Wengert vom Schoppe Fidde f\u00fcndig geworden &#8211; DIE besten Schwarzrieslingtrauben (Pinot Meunier) vom Herrlesberg zu ernten.<\/p>\n\n\n\n<figure class=\"wp-block-image size-large\"><img decoding=\"async\" loading=\"lazy\" width=\"1024\" height=\"576\" src=\"http:\/\/der-erste-wein.de\/wp-content\/uploads\/2020\/05\/DSC_1275-01-1024x576.jpeg\" alt=\"\" class=\"wp-image-22\" srcset=\"https:\/\/der-erste-wein.de\/wp-content\/uploads\/2020\/05\/DSC_1275-01-1024x576.jpeg 1024w, https:\/\/der-erste-wein.de\/wp-content\/uploads\/2020\/05\/DSC_1275-01-300x169.jpeg 300w, https:\/\/der-erste-wein.de\/wp-content\/uploads\/2020\/05\/DSC_1275-01-768x432.jpeg 768w, https:\/\/der-erste-wein.de\/wp-content\/uploads\/2020\/05\/DSC_1275-01.jpeg 1365w\" sizes=\"(max-width: 767px) 89vw, (max-width: 1000px) 54vw, (max-width: 1071px) 543px, 580px\" \/><\/figure>\n\n\n\n<figure class=\"wp-block-image size-large is-resized\"><img decoding=\"async\" loading=\"lazy\" src=\"http:\/\/der-erste-wein.de\/wp-content\/uploads\/2020\/05\/DSC_1274-01-1024x576.jpeg\" alt=\"\" class=\"wp-image-23\" width=\"677\" height=\"381\" srcset=\"https:\/\/der-erste-wein.de\/wp-content\/uploads\/2020\/05\/DSC_1274-01-1024x576.jpeg 1024w, https:\/\/der-erste-wein.de\/wp-content\/uploads\/2020\/05\/DSC_1274-01-300x169.jpeg 300w, https:\/\/der-erste-wein.de\/wp-content\/uploads\/2020\/05\/DSC_1274-01-768x432.jpeg 768w, https:\/\/der-erste-wein.de\/wp-content\/uploads\/2020\/05\/DSC_1274-01.jpeg 1365w\" sizes=\"(max-width: 677px) 100vw, 677px\" \/><figcaption><strong>Von der Sonne verw\u00f6hnte, vollreife Trauben<\/strong><\/figcaption><\/figure>\n\n\n\n<figure class=\"wp-block-image size-large\"><img decoding=\"async\" loading=\"lazy\" width=\"1024\" height=\"576\" src=\"http:\/\/der-erste-wein.de\/wp-content\/uploads\/2020\/05\/DSC_1276-01-1024x576.jpeg\" alt=\"\" class=\"wp-image-24\" srcset=\"https:\/\/der-erste-wein.de\/wp-content\/uploads\/2020\/05\/DSC_1276-01-1024x576.jpeg 1024w, https:\/\/der-erste-wein.de\/wp-content\/uploads\/2020\/05\/DSC_1276-01-300x169.jpeg 300w, https:\/\/der-erste-wein.de\/wp-content\/uploads\/2020\/05\/DSC_1276-01-768x432.jpeg 768w, https:\/\/der-erste-wein.de\/wp-content\/uploads\/2020\/05\/DSC_1276-01.jpeg 1365w\" sizes=\"(max-width: 767px) 89vw, (max-width: 1000px) 54vw, (max-width: 1071px) 543px, 580px\" \/><figcaption><strong>im idyllischen Neckartal<\/strong><\/figcaption><\/figure>\n\n\n\n<figure class=\"wp-block-image size-large\"><img decoding=\"async\" loading=\"lazy\" width=\"1024\" height=\"568\" src=\"http:\/\/der-erste-wein.de\/wp-content\/uploads\/2020\/06\/0neu-1024x568.jpg\" alt=\"\" class=\"wp-image-74\" srcset=\"https:\/\/der-erste-wein.de\/wp-content\/uploads\/2020\/06\/0neu-1024x568.jpg 1024w, https:\/\/der-erste-wein.de\/wp-content\/uploads\/2020\/06\/0neu-300x166.jpg 300w, https:\/\/der-erste-wein.de\/wp-content\/uploads\/2020\/06\/0neu-768x426.jpg 768w, https:\/\/der-erste-wein.de\/wp-content\/uploads\/2020\/06\/0neu.jpg 1427w\" sizes=\"(max-width: 767px) 89vw, (max-width: 1000px) 54vw, (max-width: 1071px) 543px, 580px\" \/><figcaption><strong>Da hat der Winzer gut lachen<\/strong><\/figcaption><\/figure>\n\n\n\n<figure class=\"wp-block-image size-large\"><img decoding=\"async\" loading=\"lazy\" width=\"1024\" height=\"576\" src=\"http:\/\/der-erste-wein.de\/wp-content\/uploads\/2020\/05\/DSC_1280-01-1024x576.jpeg\" alt=\"\" class=\"wp-image-26\" srcset=\"https:\/\/der-erste-wein.de\/wp-content\/uploads\/2020\/05\/DSC_1280-01-1024x576.jpeg 1024w, https:\/\/der-erste-wein.de\/wp-content\/uploads\/2020\/05\/DSC_1280-01-300x169.jpeg 300w, https:\/\/der-erste-wein.de\/wp-content\/uploads\/2020\/05\/DSC_1280-01-768x432.jpeg 768w, https:\/\/der-erste-wein.de\/wp-content\/uploads\/2020\/05\/DSC_1280-01.jpeg 1365w\" sizes=\"(max-width: 767px) 89vw, (max-width: 1000px) 54vw, (max-width: 1071px) 543px, 580px\" \/><figcaption><strong>Die Ernte &#8211; makellose Trauben\u2026.<\/strong><\/figcaption><\/figure>\n\n\n\n<figure class=\"wp-block-image size-large\"><img decoding=\"async\" loading=\"lazy\" width=\"1024\" height=\"576\" src=\"http:\/\/der-erste-wein.de\/wp-content\/uploads\/2020\/05\/DSC_1284-01-1024x576.jpeg\" alt=\"\" class=\"wp-image-33\" srcset=\"https:\/\/der-erste-wein.de\/wp-content\/uploads\/2020\/05\/DSC_1284-01-1024x576.jpeg 1024w, https:\/\/der-erste-wein.de\/wp-content\/uploads\/2020\/05\/DSC_1284-01-300x169.jpeg 300w, https:\/\/der-erste-wein.de\/wp-content\/uploads\/2020\/05\/DSC_1284-01-768x432.jpeg 768w, https:\/\/der-erste-wein.de\/wp-content\/uploads\/2020\/05\/DSC_1284-01.jpeg 1365w\" sizes=\"(max-width: 767px) 89vw, (max-width: 1000px) 54vw, (max-width: 1071px) 543px, 580px\" \/><figcaption>\u2026<strong>werden vom Kellermeister h\u00f6chstpers\u00f6nlich in den Trichter der Abbeermaschine gesch\u00fcttet<\/strong><\/figcaption><\/figure>\n\n\n\n<figure class=\"wp-block-image size-large\"><img decoding=\"async\" loading=\"lazy\" width=\"1024\" height=\"576\" src=\"http:\/\/der-erste-wein.de\/wp-content\/uploads\/2020\/05\/DSC_1282-1024x576.jpg\" alt=\"\" class=\"wp-image-34\" srcset=\"https:\/\/der-erste-wein.de\/wp-content\/uploads\/2020\/05\/DSC_1282-1024x576.jpg 1024w, https:\/\/der-erste-wein.de\/wp-content\/uploads\/2020\/05\/DSC_1282-300x169.jpg 300w, https:\/\/der-erste-wein.de\/wp-content\/uploads\/2020\/05\/DSC_1282-768x432.jpg 768w, https:\/\/der-erste-wein.de\/wp-content\/uploads\/2020\/05\/DSC_1282.jpg 1365w\" sizes=\"(max-width: 767px) 89vw, (max-width: 1000px) 54vw, (max-width: 1071px) 543px, 580px\" \/><\/figure>\n\n\n\n<figure class=\"wp-block-image size-large is-resized\"><img decoding=\"async\" loading=\"lazy\" src=\"http:\/\/der-erste-wein.de\/wp-content\/uploads\/2020\/05\/DSC_1288-01-576x1024.jpeg\" alt=\"\" class=\"wp-image-35\" width=\"640\" height=\"1137\" srcset=\"https:\/\/der-erste-wein.de\/wp-content\/uploads\/2020\/05\/DSC_1288-01-576x1024.jpeg 576w, https:\/\/der-erste-wein.de\/wp-content\/uploads\/2020\/05\/DSC_1288-01-169x300.jpeg 169w, https:\/\/der-erste-wein.de\/wp-content\/uploads\/2020\/05\/DSC_1288-01.jpeg 768w\" sizes=\"(max-width: 640px) 100vw, 640px\" \/><\/figure>\n\n\n\n<figure class=\"wp-block-image size-large\"><img decoding=\"async\" loading=\"lazy\" width=\"1024\" height=\"576\" src=\"http:\/\/der-erste-wein.de\/wp-content\/uploads\/2020\/05\/DSC_1301-01-1024x576.jpeg\" alt=\"\" class=\"wp-image-36\" srcset=\"https:\/\/der-erste-wein.de\/wp-content\/uploads\/2020\/05\/DSC_1301-01-1024x576.jpeg 1024w, https:\/\/der-erste-wein.de\/wp-content\/uploads\/2020\/05\/DSC_1301-01-300x169.jpeg 300w, https:\/\/der-erste-wein.de\/wp-content\/uploads\/2020\/05\/DSC_1301-01-768x432.jpeg 768w, https:\/\/der-erste-wein.de\/wp-content\/uploads\/2020\/05\/DSC_1301-01.jpeg 1365w\" sizes=\"(max-width: 767px) 89vw, (max-width: 1000px) 54vw, (max-width: 1071px) 543px, 580px\" \/><\/figure>\n\n\n\n<figure class=\"wp-block-image size-large\"><img decoding=\"async\" loading=\"lazy\" width=\"1024\" height=\"576\" src=\"http:\/\/der-erste-wein.de\/wp-content\/uploads\/2020\/05\/DSC_1291-01-1024x576.jpeg\" alt=\"\" class=\"wp-image-37\" srcset=\"https:\/\/der-erste-wein.de\/wp-content\/uploads\/2020\/05\/DSC_1291-01-1024x576.jpeg 1024w, https:\/\/der-erste-wein.de\/wp-content\/uploads\/2020\/05\/DSC_1291-01-300x169.jpeg 300w, https:\/\/der-erste-wein.de\/wp-content\/uploads\/2020\/05\/DSC_1291-01-768x432.jpeg 768w, https:\/\/der-erste-wein.de\/wp-content\/uploads\/2020\/05\/DSC_1291-01.jpeg 1365w\" sizes=\"(max-width: 767px) 89vw, (max-width: 1000px) 54vw, (max-width: 1071px) 543px, 580px\" \/><figcaption><strong>Der erste unglaubliche Messwert: 99\u00b0 \u00d6chsle!!!!<\/strong><\/figcaption><\/figure>\n\n\n\n<figure class=\"wp-block-image size-large\"><img decoding=\"async\" loading=\"lazy\" width=\"1024\" height=\"576\" src=\"http:\/\/der-erste-wein.de\/wp-content\/uploads\/2020\/05\/DSC_1297-01-1024x576.jpeg\" alt=\"\" class=\"wp-image-38\" srcset=\"https:\/\/der-erste-wein.de\/wp-content\/uploads\/2020\/05\/DSC_1297-01-1024x576.jpeg 1024w, https:\/\/der-erste-wein.de\/wp-content\/uploads\/2020\/05\/DSC_1297-01-300x169.jpeg 300w, https:\/\/der-erste-wein.de\/wp-content\/uploads\/2020\/05\/DSC_1297-01-768x432.jpeg 768w, https:\/\/der-erste-wein.de\/wp-content\/uploads\/2020\/05\/DSC_1297-01.jpeg 1365w\" sizes=\"(max-width: 767px) 89vw, (max-width: 1000px) 54vw, (max-width: 1071px) 543px, 580px\" \/><figcaption><strong>Nun noch Hefe und die Veredelung hinzuf\u00fcgen<\/strong><\/figcaption><\/figure>\n\n\n\n<figure class=\"wp-block-image size-large\"><img decoding=\"async\" loading=\"lazy\" width=\"1024\" height=\"574\" src=\"http:\/\/der-erste-wein.de\/wp-content\/uploads\/2020\/06\/1neu-1024x574.jpg\" alt=\"\" class=\"wp-image-75\" srcset=\"https:\/\/der-erste-wein.de\/wp-content\/uploads\/2020\/06\/1neu-1024x574.jpg 1024w, https:\/\/der-erste-wein.de\/wp-content\/uploads\/2020\/06\/1neu-300x168.jpg 300w, https:\/\/der-erste-wein.de\/wp-content\/uploads\/2020\/06\/1neu-768x430.jpg 768w, https:\/\/der-erste-wein.de\/wp-content\/uploads\/2020\/06\/1neu.jpg 1439w\" sizes=\"(max-width: 767px) 89vw, (max-width: 1000px) 54vw, (max-width: 1071px) 543px, 580px\" \/><figcaption>\u2026 <strong>und wieder ein Grund sich zu freuen<\/strong><\/figcaption><\/figure>\n\n\n\n<figure class=\"wp-block-image size-large\"><img decoding=\"async\" loading=\"lazy\" width=\"1024\" height=\"576\" src=\"http:\/\/der-erste-wein.de\/wp-content\/uploads\/2020\/05\/DSC_1563-01-1024x576.jpeg\" alt=\"\" class=\"wp-image-40\" srcset=\"https:\/\/der-erste-wein.de\/wp-content\/uploads\/2020\/05\/DSC_1563-01-1024x576.jpeg 1024w, https:\/\/der-erste-wein.de\/wp-content\/uploads\/2020\/05\/DSC_1563-01-300x169.jpeg 300w, https:\/\/der-erste-wein.de\/wp-content\/uploads\/2020\/05\/DSC_1563-01-768x432.jpeg 768w, https:\/\/der-erste-wein.de\/wp-content\/uploads\/2020\/05\/DSC_1563-01.jpeg 1365w\" sizes=\"(max-width: 767px) 89vw, (max-width: 1000px) 54vw, (max-width: 1071px) 543px, 580px\" \/><figcaption><strong>Jetzt erst einmal \u201cunter Druck\u201c setzen und den G\u00e4rungsprozess laufen lassen\u2026..<\/strong><\/figcaption><\/figure>\n\n\n\n<figure class=\"wp-block-image size-large\"><img decoding=\"async\" loading=\"lazy\" width=\"823\" height=\"768\" src=\"http:\/\/der-erste-wein.de\/wp-content\/uploads\/2020\/05\/DSC_1561-01.jpeg\" alt=\"\" class=\"wp-image-41\" srcset=\"https:\/\/der-erste-wein.de\/wp-content\/uploads\/2020\/05\/DSC_1561-01.jpeg 823w, https:\/\/der-erste-wein.de\/wp-content\/uploads\/2020\/05\/DSC_1561-01-300x280.jpeg 300w, https:\/\/der-erste-wein.de\/wp-content\/uploads\/2020\/05\/DSC_1561-01-768x717.jpeg 768w\" sizes=\"(max-width: 767px) 89vw, (max-width: 1000px) 54vw, (max-width: 1071px) 543px, 580px\" \/><figcaption><strong>\u2026.um am 09.11.2018 dann die erste Probe.<br>Auch uns war die Freude anzusehen: <\/strong><br><strong>einfach nur lecker f\u00fcr einen Jungwein<\/strong><\/figcaption><\/figure>\n\n\n\n<figure class=\"wp-block-image size-large\"><img decoding=\"async\" loading=\"lazy\" width=\"768\" height=\"966\" src=\"http:\/\/der-erste-wein.de\/wp-content\/uploads\/2020\/05\/Das-Fass-01.jpeg\" alt=\"\" class=\"wp-image-42\" srcset=\"https:\/\/der-erste-wein.de\/wp-content\/uploads\/2020\/05\/Das-Fass-01.jpeg 768w, https:\/\/der-erste-wein.de\/wp-content\/uploads\/2020\/05\/Das-Fass-01-239x300.jpeg 239w\" sizes=\"(max-width: 767px) 89vw, (max-width: 1000px) 54vw, (max-width: 1071px) 543px, 580px\" \/><figcaption><strong>Am 21.11.2018 wurde unser \u201cErster\u201c umgezogen in ein Eichenfass, welches zuvor mit Trester belegt war<\/strong><\/figcaption><\/figure>\n\n\n\n<figure class=\"wp-block-image size-large\"><img decoding=\"async\" loading=\"lazy\" width=\"1024\" height=\"679\" src=\"http:\/\/der-erste-wein.de\/wp-content\/uploads\/2020\/05\/DSC_1623-01-1024x679.jpeg\" alt=\"\" class=\"wp-image-43\" srcset=\"https:\/\/der-erste-wein.de\/wp-content\/uploads\/2020\/05\/DSC_1623-01-1024x679.jpeg 1024w, https:\/\/der-erste-wein.de\/wp-content\/uploads\/2020\/05\/DSC_1623-01-300x199.jpeg 300w, https:\/\/der-erste-wein.de\/wp-content\/uploads\/2020\/05\/DSC_1623-01-768x509.jpeg 768w, https:\/\/der-erste-wein.de\/wp-content\/uploads\/2020\/05\/DSC_1623-01.jpeg 1158w\" sizes=\"(max-width: 767px) 89vw, (max-width: 1000px) 54vw, (max-width: 1071px) 543px, 580px\" \/><figcaption><strong>Und immer wieder haben unsere drei Kellermeister den Ausbau \u00fcberwacht und getestet<\/strong><\/figcaption><\/figure>\n\n\n\n<p class=\"has-text-align-center\"><strong>Am 22.05.2020 <strong>war es <strong><strong>endlich<\/strong><\/strong><\/strong> <strong>soweit:<\/strong> <\/strong><br><strong>nach 549 Tagen oder 13 176 Stunden <\/strong><br><strong>ausruhen wird unser \u201cErster\u201c abgef\u00fcllt<\/strong><\/p>\n\n\n\n<figure class=\"wp-block-image size-large\"><img decoding=\"async\" loading=\"lazy\" width=\"1024\" height=\"710\" src=\"http:\/\/der-erste-wein.de\/wp-content\/uploads\/2020\/05\/DSC_0379-01-1024x710.jpeg\" alt=\"\" class=\"wp-image-45\" srcset=\"https:\/\/der-erste-wein.de\/wp-content\/uploads\/2020\/05\/DSC_0379-01-1024x710.jpeg 1024w, https:\/\/der-erste-wein.de\/wp-content\/uploads\/2020\/05\/DSC_0379-01-300x208.jpeg 300w, https:\/\/der-erste-wein.de\/wp-content\/uploads\/2020\/05\/DSC_0379-01-768x532.jpeg 768w, https:\/\/der-erste-wein.de\/wp-content\/uploads\/2020\/05\/DSC_0379-01-rotated.jpeg 1108w\" sizes=\"(max-width: 767px) 89vw, (max-width: 1000px) 54vw, (max-width: 1071px) 543px, 580px\" \/><figcaption><strong>Die Flaschen d\u00fcrfen vorher ein Bad nehmen, damit der edle Tropfen sich im neuen Haus auch wohlf\u00fchlt<\/strong><\/figcaption><\/figure>\n\n\n\n<figure class=\"wp-block-image size-large\"><img decoding=\"async\" loading=\"lazy\" width=\"1024\" height=\"563\" src=\"http:\/\/der-erste-wein.de\/wp-content\/uploads\/2020\/06\/2neu-1024x563.jpg\" alt=\"\" class=\"wp-image-76\" srcset=\"https:\/\/der-erste-wein.de\/wp-content\/uploads\/2020\/06\/2neu-1024x563.jpg 1024w, https:\/\/der-erste-wein.de\/wp-content\/uploads\/2020\/06\/2neu-300x165.jpg 300w, https:\/\/der-erste-wein.de\/wp-content\/uploads\/2020\/06\/2neu-768x423.jpg 768w, https:\/\/der-erste-wein.de\/wp-content\/uploads\/2020\/06\/2neu-1536x845.jpg 1536w, https:\/\/der-erste-wein.de\/wp-content\/uploads\/2020\/06\/2neu.jpg 1563w\" sizes=\"(max-width: 767px) 89vw, (max-width: 1000px) 54vw, (max-width: 1071px) 543px, 580px\" \/><figcaption><strong>M\u00fchsam war das Wengertleben fr\u00fcher<\/strong><\/figcaption><\/figure>\n\n\n\n<figure class=\"wp-block-image size-large\"><img decoding=\"async\" loading=\"lazy\" width=\"1024\" height=\"567\" src=\"http:\/\/der-erste-wein.de\/wp-content\/uploads\/2020\/06\/3neu-1024x567.jpg\" alt=\"\" class=\"wp-image-77\" srcset=\"https:\/\/der-erste-wein.de\/wp-content\/uploads\/2020\/06\/3neu-1024x567.jpg 1024w, https:\/\/der-erste-wein.de\/wp-content\/uploads\/2020\/06\/3neu-300x166.jpg 300w, https:\/\/der-erste-wein.de\/wp-content\/uploads\/2020\/06\/3neu-768x425.jpg 768w, https:\/\/der-erste-wein.de\/wp-content\/uploads\/2020\/06\/3neu-1536x851.jpg 1536w, https:\/\/der-erste-wein.de\/wp-content\/uploads\/2020\/06\/3neu.jpg 1578w\" sizes=\"(max-width: 767px) 89vw, (max-width: 1000px) 54vw, (max-width: 1071px) 543px, 580px\" \/><figcaption><strong>Mit der Abf\u00fcll-Maschine hat es dann deutlich mehr Spa\u00df gemacht<\/strong><\/figcaption><\/figure>\n\n\n\n<figure class=\"wp-block-image size-large\"><img decoding=\"async\" loading=\"lazy\" width=\"1024\" height=\"572\" src=\"http:\/\/der-erste-wein.de\/wp-content\/uploads\/2020\/06\/4neu-1024x572.jpg\" alt=\"\" class=\"wp-image-78\" srcset=\"https:\/\/der-erste-wein.de\/wp-content\/uploads\/2020\/06\/4neu-1024x572.jpg 1024w, https:\/\/der-erste-wein.de\/wp-content\/uploads\/2020\/06\/4neu-300x167.jpg 300w, https:\/\/der-erste-wein.de\/wp-content\/uploads\/2020\/06\/4neu-768x429.jpg 768w, https:\/\/der-erste-wein.de\/wp-content\/uploads\/2020\/06\/4neu-1536x857.jpg 1536w, https:\/\/der-erste-wein.de\/wp-content\/uploads\/2020\/06\/4neu.jpg 1562w\" sizes=\"(max-width: 767px) 89vw, (max-width: 1000px) 54vw, (max-width: 1071px) 543px, 580px\" \/><figcaption><strong>Und schnell war die letzte Flasche gef\u00fcllt<\/strong><\/figcaption><\/figure>\n\n\n\n<figure class=\"wp-block-image size-large\"><img decoding=\"async\" loading=\"lazy\" width=\"576\" height=\"1024\" src=\"http:\/\/der-erste-wein.de\/wp-content\/uploads\/2020\/05\/DSC_0392-01-576x1024.jpeg\" alt=\"\" class=\"wp-image-49\" srcset=\"https:\/\/der-erste-wein.de\/wp-content\/uploads\/2020\/05\/DSC_0392-01-576x1024.jpeg 576w, https:\/\/der-erste-wein.de\/wp-content\/uploads\/2020\/05\/DSC_0392-01-169x300.jpeg 169w, https:\/\/der-erste-wein.de\/wp-content\/uploads\/2020\/05\/DSC_0392-01.jpeg 768w\" sizes=\"(max-width: 576px) 100vw, 576px\" \/><figcaption><strong>den Rest darf man ja nicht umkommen lassen<\/strong>&#8230;.<\/figcaption><\/figure>\n\n\n\n<figure class=\"wp-block-image size-large\"><img decoding=\"async\" loading=\"lazy\" width=\"768\" height=\"1024\" src=\"http:\/\/der-erste-wein.de\/wp-content\/uploads\/2020\/05\/DSC_4618-01.jpeg\" alt=\"\" class=\"wp-image-50\" srcset=\"https:\/\/der-erste-wein.de\/wp-content\/uploads\/2020\/05\/DSC_4618-01.jpeg 768w, https:\/\/der-erste-wein.de\/wp-content\/uploads\/2020\/05\/DSC_4618-01-225x300.jpeg 225w\" sizes=\"(max-width: 767px) 89vw, (max-width: 1000px) 54vw, (max-width: 1071px) 543px, 580px\" \/><figcaption><strong>Auch der Jugend scheint unser \u201cErster\u201c zu munden<\/strong><\/figcaption><\/figure>\n\n\n\n<figure class=\"wp-block-image size-large\"><img decoding=\"async\" loading=\"lazy\" width=\"731\" height=\"1024\" src=\"http:\/\/der-erste-wein.de\/wp-content\/uploads\/2020\/05\/DSC_4643-1-731x1024.jpg\" alt=\"\" class=\"wp-image-52\" srcset=\"https:\/\/der-erste-wein.de\/wp-content\/uploads\/2020\/05\/DSC_4643-1-731x1024.jpg 731w, https:\/\/der-erste-wein.de\/wp-content\/uploads\/2020\/05\/DSC_4643-1-214x300.jpg 214w, https:\/\/der-erste-wein.de\/wp-content\/uploads\/2020\/05\/DSC_4643-1.jpg 765w\" sizes=\"(max-width: 731px) 100vw, 731px\" \/><figcaption><strong>Jetzt nur noch unserem \u201cErsten\u201c ein edles Outfit verpassen<\/strong><\/figcaption><\/figure>\n\n\n\n<figure class=\"wp-block-image size-large\"><img decoding=\"async\" loading=\"lazy\" width=\"1024\" height=\"573\" src=\"http:\/\/der-erste-wein.de\/wp-content\/uploads\/2020\/06\/5neu-1024x573.jpg\" alt=\"\" class=\"wp-image-79\" srcset=\"https:\/\/der-erste-wein.de\/wp-content\/uploads\/2020\/06\/5neu-1024x573.jpg 1024w, https:\/\/der-erste-wein.de\/wp-content\/uploads\/2020\/06\/5neu-300x168.jpg 300w, https:\/\/der-erste-wein.de\/wp-content\/uploads\/2020\/06\/5neu-768x430.jpg 768w, https:\/\/der-erste-wein.de\/wp-content\/uploads\/2020\/06\/5neu.jpg 1533w\" sizes=\"(max-width: 767px) 89vw, (max-width: 1000px) 54vw, (max-width: 1071px) 543px, 580px\" \/><figcaption><strong>Endlich geschafft \u2013 272 Flaschen abgef\u00fcllt und etikettiert<\/strong><\/figcaption><\/figure>\n\n\n\n<figure class=\"wp-block-image size-large\"><img decoding=\"async\" loading=\"lazy\" width=\"576\" height=\"1024\" src=\"http:\/\/der-erste-wein.de\/wp-content\/uploads\/2020\/05\/DSC_4621-01-576x1024.jpeg\" alt=\"\" class=\"wp-image-54\" srcset=\"https:\/\/der-erste-wein.de\/wp-content\/uploads\/2020\/05\/DSC_4621-01-576x1024.jpeg 576w, https:\/\/der-erste-wein.de\/wp-content\/uploads\/2020\/05\/DSC_4621-01-169x300.jpeg 169w, https:\/\/der-erste-wein.de\/wp-content\/uploads\/2020\/05\/DSC_4621-01.jpeg 768w\" sizes=\"(max-width: 576px) 100vw, 576px\" \/><\/figure>\n\n\n\n<p><a><strong>Wo kommt \u201cder Erste\u201c her, was ist drin und was sagen die inneren Werte?<\/strong><\/a><\/p>\n\n\n\n<p><strong>Wo<\/strong><br>Geerntet am Herrlesberg in der Gemarkung Neckarwestheim. <br>49\u00b003&#8217;09.2&#8243;N 9\u00b010&#8217;51.1&#8243;E (49.052558, 9.180871) auf 220 m \u00fcber Meeresspiegel<\/p>\n\n\n\n<p><a href=\"https:\/\/www.google.com\/maps\/place\/49\u00b003'09.0%22N+9\u00b010'51.8%22E\/@49.0614853,9.1503515,14z\/data=!4m6!3m5!1s0x0:0x0!7e2!8m2!3d49.0524982!4d9.1810588!5m1!1e4\" target=\"_blank\" rel=\"noreferrer noopener\">https:\/\/www.google.com\/maps\/place\/49\u00b003&#8217;09.0%22N+9\u00b010&#8217;51.8%22E\/@49.0614853,9.1503515,14z\/data=!4m6!3m5!1s0x0:0x0!7e2!8m2!3d49.0524982!4d9.1810588!5m1!1e4<\/a><\/p>\n\n\n\n<p><strong>Was<\/strong><br>ca. 350 l Pinot Meunier (Schwarzriesling) mit <strong>99\u00b0 \u00d6chsle<\/strong><br>ca. 50 l Cabernet Carol<br>ca. 250 ml Enzyme<br>ca. 100 gr. Tannine<br>ca. 150 gr. Hefe<br>ca. 400 gr. Schnitzel von amerikanischer Eiche (Stufe 3 extra Heavy)<br>w\u00e4hrend der Reife im Eichenfass wurden nach und nach 60 gr. Reduktone eingebracht<\/p>\n\n\n\n<p>Cabernet Carol ist eine 1982 gez\u00fcchtete pilzwiderstandsf\u00e4hige Rotweinsorte und wurde am Staatlichen Weinbauinstitut Freiburg aus den Sorten Cabernet Sauvignon und Solaris (Merzling x (Zarya Severa x Muskat-Ottonel)) gekreuzt.<\/p>\n\n\n\n<p>Am 25.05.2020 wurde im Labor eines namhaften Weinguts dann festgestellt:<\/p>\n\n\n\n<p class=\"has-text-align-center\"><strong>Alkohol 119g\/l =15%Vol<\/strong><br><strong>Rest Zucker 1,3g\/l<\/strong><br><strong>Gesamt S\u00e4ure 4,4g\/l<\/strong><\/p>\n\n\n\n<p>Und nun viel Freude beim Genie\u00dfen des Weins mit guten Freunden w\u00fcnschen Euch<br><strong>d&#8217;Schoppe Fidde &amp; Chris<\/strong><\/p>\n\n\n\n<figure class=\"wp-block-image size-large is-resized\"><img decoding=\"async\" loading=\"lazy\" src=\"http:\/\/der-erste-wein.de\/wp-content\/uploads\/2020\/05\/ansto\u00dfen-1024x681.jpg\" alt=\"\" class=\"wp-image-56\" width=\"692\" height=\"460\" srcset=\"https:\/\/der-erste-wein.de\/wp-content\/uploads\/2020\/05\/ansto\u00dfen-1024x681.jpg 1024w, https:\/\/der-erste-wein.de\/wp-content\/uploads\/2020\/05\/ansto\u00dfen-300x200.jpg 300w, https:\/\/der-erste-wein.de\/wp-content\/uploads\/2020\/05\/ansto\u00dfen-768x511.jpg 768w, https:\/\/der-erste-wein.de\/wp-content\/uploads\/2020\/05\/ansto\u00dfen.jpg 1200w\" sizes=\"(max-width: 692px) 100vw, 692px\" \/><\/figure>\n\n\n\n<p><strong>Lauffen, den 26.05.2020<\/strong><br><br><\/p>\n\n\n\n<p>I<strong>mpressionen von der Opening-Party am 06.06.2020<\/strong><\/p>\n\n\n\n<figure class=\"wp-block-image size-large is-resized\"><img decoding=\"async\" loading=\"lazy\" src=\"http:\/\/der-erste-wein.de\/wp-content\/uploads\/2020\/06\/IMG_20200608_221711_922-623x1024.jpg\" alt=\"\" class=\"wp-image-86\" width=\"627\" height=\"1030\" srcset=\"https:\/\/der-erste-wein.de\/wp-content\/uploads\/2020\/06\/IMG_20200608_221711_922-623x1024.jpg 623w, https:\/\/der-erste-wein.de\/wp-content\/uploads\/2020\/06\/IMG_20200608_221711_922-182x300.jpg 182w, https:\/\/der-erste-wein.de\/wp-content\/uploads\/2020\/06\/IMG_20200608_221711_922.jpg 768w\" sizes=\"(max-width: 627px) 100vw, 627px\" \/><\/figure>\n\n\n\n<figure class=\"wp-block-image size-large\"><img decoding=\"async\" loading=\"lazy\" width=\"623\" height=\"1024\" src=\"http:\/\/der-erste-wein.de\/wp-content\/uploads\/2020\/06\/IMG_20200608_221725_139-623x1024.jpg\" alt=\"\" class=\"wp-image-87\" srcset=\"https:\/\/der-erste-wein.de\/wp-content\/uploads\/2020\/06\/IMG_20200608_221725_139-623x1024.jpg 623w, https:\/\/der-erste-wein.de\/wp-content\/uploads\/2020\/06\/IMG_20200608_221725_139-182x300.jpg 182w, https:\/\/der-erste-wein.de\/wp-content\/uploads\/2020\/06\/IMG_20200608_221725_139.jpg 768w\" sizes=\"(max-width: 623px) 100vw, 623px\" \/><\/figure>\n\n\n\n<figure class=\"wp-block-image size-large\"><img decoding=\"async\" loading=\"lazy\" width=\"623\" height=\"1024\" src=\"http:\/\/der-erste-wein.de\/wp-content\/uploads\/2020\/06\/IMG_20200608_221719_374-623x1024.jpg\" alt=\"\" class=\"wp-image-88\" srcset=\"https:\/\/der-erste-wein.de\/wp-content\/uploads\/2020\/06\/IMG_20200608_221719_374-623x1024.jpg 623w, https:\/\/der-erste-wein.de\/wp-content\/uploads\/2020\/06\/IMG_20200608_221719_374-182x300.jpg 182w, https:\/\/der-erste-wein.de\/wp-content\/uploads\/2020\/06\/IMG_20200608_221719_374.jpg 768w\" sizes=\"(max-width: 623px) 100vw, 623px\" \/><\/figure>\n","protected":false},"excerpt":{"rendered":"<p>\u201cDer Erste\u201c Von der Rebe in den Weinkeller Am 28.09.2018 &#8211; der perfekte Tag, um einen guten Wein zu ernten &#8211; sind wir im Wengert vom Schoppe Fidde f\u00fcndig geworden &#8211; DIE besten Schwarzrieslingtrauben (Pinot Meunier) vom Herrlesberg zu ernten. Am 22.05.2020 war es endlich soweit: nach 549 Tagen oder 13 176 Stunden ausruhen wird &hellip; <\/p>\n<p class=\"link-more\"><a href=\"https:\/\/der-erste-wein.de\/\" class=\"more-link\"><span class=\"screen-reader-text\">\u201e\u201c<\/span> weiterlesen<\/a><\/p>\n","protected":false},"author":1,"featured_media":0,"parent":0,"menu_order":0,"comment_status":"closed","ping_status":"closed","template":"","meta":[],"_links":{"self":[{"href":"https:\/\/der-erste-wein.de\/index.php?rest_route=\/wp\/v2\/pages\/7"}],"collection":[{"href":"https:\/\/der-erste-wein.de\/index.php?rest_route=\/wp\/v2\/pages"}],"about":[{"href":"https:\/\/der-erste-wein.de\/index.php?rest_route=\/wp\/v2\/types\/page"}],"author":[{"embeddable":true,"href":"https:\/\/der-erste-wein.de\/index.php?rest_route=\/wp\/v2\/users\/1"}],"replies":[{"embeddable":true,"href":"https:\/\/der-erste-wein.de\/index.php?rest_route=%2Fwp%2Fv2%2Fcomments&post=7"}],"version-history":[{"count":28,"href":"https:\/\/der-erste-wein.de\/index.php?rest_route=\/wp\/v2\/pages\/7\/revisions"}],"predecessor-version":[{"id":89,"href":"https:\/\/der-erste-wein.de\/index.php?rest_route=\/wp\/v2\/pages\/7\/revisions\/89"}],"wp:attachment":[{"href":"https:\/\/der-erste-wein.de\/index.php?rest_route=%2Fwp%2Fv2%2Fmedia&parent=7"}],"curies":[{"name":"wp","href":"https:\/\/api.w.org\/{rel}","templated":true}]}}